{"id":443,"date":"2020-08-12T08:35:51","date_gmt":"2020-08-12T08:35:51","guid":{"rendered":"https:\/\/comforclima.es\/blog\/?page_id=443"},"modified":"2020-09-16T09:02:17","modified_gmt":"2020-09-16T09:02:17","slug":"quienes-somos","status":"publish","type":"page","link":"https:\/\/comforclima.es\/blog\/quienes-somos\/","title":{"rendered":"Qui\u00e9nes somos"},"content":{"rendered":"<p>[vc_row][vc_column width=\u00bb1\/4&#8243;][vc_column_text]Comforclima es la fusi\u00f3n de dos empresas de instalaci\u00f3n y mantenimientos de equipos de calefacci\u00f3n y climatizaci\u00f3n, as\u00ed como recambios y repuestos de electrodom\u00e9sticos. Apostamos por la innovaci\u00f3n, ofreciendo un producto de calidad y recambios a clientes de toda Espa\u00f1a.[\/vc_column_text][\/vc_column][vc_column width=\u00bb1\/4&#8243;][vc_single_image image=\u00bb379&#8243; img_size=\u00bb300&#215;200&#8243;][\/vc_column][vc_column width=\u00bb1\/4&#8243;][vc_column_text]Con ello nos hemos convertido en una marca de referencia en cuanto a recambios y reparaci\u00f3n de electrodom\u00e9sticos, estufas de pellets, climatizaci\u00f3n y calefacci\u00f3n. Nuestro principal objetivo es cumplir las expectativas del cliente, ofreciendo un amplio stock y asesoramiento t\u00e9cnico personalizado.[\/vc_column_text][\/vc_column][vc_column width=\u00bb1\/4&#8243;][vc_single_image image=\u00bb547&#8243; img_size=\u00bb300&#215;200&#8243;][\/vc_column][\/vc_row][vc_row][vc_column width=\u00bb1\/3&#8243;][vc_column_text]<\/p>\n<h3><\/h3>\n<h3 style=\"text-align: center;\">CALEFACCI\u00d3N<\/h3>\n<p>[\/vc_column_text][\/vc_column][vc_column width=\u00bb1\/3&#8243;][vc_column_text]En Comforclima realizamos el montaje y mantenimiento de equipos de calefacci\u00f3n de todo tipo. Desde calderas hasta estufas de pellets. Nuestro objetivo es proporcionarte el mejor servicio y asesorarte sobre cual es tu mejor opci\u00f3n a la hora de instalar un equipo de calefacci\u00f3n en tu hogar o empresa.[\/vc_column_text][\/vc_column][vc_column width=\u00bb1\/3&#8243;][vc_single_image image=\u00bb536&#8243; img_size=\u00bbmedium\u00bb][\/vc_column][\/vc_row][vc_row][vc_column width=\u00bb1\/3&#8243;][vc_column_text]<\/p>\n<h3><\/h3>\n<h3 style=\"text-align: center;\">AIRE ACONDICIONADO<\/h3>\n<p>[\/vc_column_text][\/vc_column][vc_column width=\u00bb1\/3&#8243;][vc_column_text]En Comforclima tambi\u00e9n montamos aparatos de aire acondicionado. Te asesoramos sobre cual es tu mejor opci\u00f3n dependiendo del lugar donde quieras instalar tu aparato y buscamos la mejor ubicaci\u00f3n dentro de la estancia para que puedas usar tu aire acondicionado de una manera \u00f3ptima y segura.[\/vc_column_text][\/vc_column][vc_column width=\u00bb1\/3&#8243;][vc_single_image image=\u00bb326&#8243; img_size=\u00bbmedium\u00bb][\/vc_column][\/vc_row][vc_row][vc_column width=\u00bb1\/3&#8243;][vc_column_text]<\/p>\n<h3><\/h3>\n<h3 style=\"text-align: center;\">MANTENIMIENTO<\/h3>\n<p>[\/vc_column_text][\/vc_column][vc_column width=\u00bb1\/3&#8243;][vc_column_text]Finalmente, realizamos la puesta a punto y el mantenimiento de tus equipos de fr\u00edo y calor para que puedas disfrutar de tus aparatos con el m\u00e1ximo confort sacando el m\u00e1ximo partido a tu instalaci\u00f3n y obteniendo una buena temperatura en tu casa tanto en verano como en invierno.[\/vc_column_text][\/vc_column][vc_column width=\u00bb1\/3&#8243;][vc_single_image image=\u00bb553&#8243; img_size=\u00bbmedium\u00bb][\/vc_column][\/vc_row]<\/p>\n","protected":false},"excerpt":{"rendered":"<p>[vc_row][vc_column width=\u00bb1\/4&#8243;][vc_column_text]Comforclima es la fusi\u00f3n de dos empresas de instalaci\u00f3n y mantenimientos de equipos de calefacci\u00f3n y climatizaci\u00f3n, as\u00ed como recambios y repuestos de electrodom\u00e9sticos. Apostamos por la innovaci\u00f3n, ofreciendo un producto de calidad y recambios a clientes de toda Espa\u00f1a.[\/vc_column_text][\/vc_column][vc_column width=\u00bb1\/4&#8243;][vc_single_image image=\u00bb379&#8243; img_size=\u00bb300&#215;200&#8243;][\/vc_column][vc_column width=\u00bb1\/4&#8243;][vc_column_text]Con ello nos hemos convertido en una marca de referencia en [&hellip;]<\/p>\n","protected":false},"author":1,"featured_media":0,"parent":0,"menu_order":0,"comment_status":"closed","ping_status":"closed","template":"","meta":[],"yoast_head":"<!-- This site is optimized with the Yoast SEO plugin v15.8 - https:\/\/yoast.com\/wordpress\/plugins\/seo\/ -->\n<title>Qui\u00e9nes somos - Comforclima<\/title>\n<meta name=\"robots\" content=\"index, follow, max-snippet:-1, max-image-preview:large, max-video-preview:-1\" \/>\n<link rel=\"canonical\" href=\"https:\/\/comforclima.es\/blog\/quienes-somos\/\" \/>\n<meta property=\"og:locale\" content=\"es_ES\" \/>\n<meta property=\"og:type\" content=\"article\" \/>\n<meta property=\"og:title\" content=\"Qui\u00e9nes somos - Comforclima\" \/>\n<meta property=\"og:description\" content=\"[vc_row][vc_column width=\u00bb1\/4&#8243;][vc_column_text]Comforclima es la fusi\u00f3n de dos empresas de instalaci\u00f3n y mantenimientos de equipos de calefacci\u00f3n y climatizaci\u00f3n, as\u00ed como recambios y repuestos de electrodom\u00e9sticos. Apostamos por la innovaci\u00f3n, ofreciendo un producto de calidad y recambios a clientes de toda Espa\u00f1a.[\/vc_column_text][\/vc_column][vc_column width=\u00bb1\/4&#8243;][vc_single_image image=\u00bb379&#8243; img_size=\u00bb300&#215;200&#8243;][\/vc_column][vc_column width=\u00bb1\/4&#8243;][vc_column_text]Con ello nos hemos convertido en una marca de referencia en [&hellip;]\" \/>\n<meta property=\"og:url\" content=\"https:\/\/comforclima.es\/blog\/quienes-somos\/\" \/>\n<meta property=\"og:site_name\" content=\"Comforclima\" \/>\n<meta property=\"article:modified_time\" content=\"2020-09-16T09:02:17+00:00\" \/>\n<meta name=\"twitter:card\" content=\"summary_large_image\" \/>\n<meta name=\"twitter:label1\" content=\"Tiempo de lectura\">\n\t<meta name=\"twitter:data1\" content=\"2 minutos\">\n<script type=\"application\/ld+json\" class=\"yoast-schema-graph\">{\"@context\":\"https:\/\/schema.org\",\"@graph\":[{\"@type\":\"WebSite\",\"@id\":\"https:\/\/comforclima.es\/blog\/#website\",\"url\":\"https:\/\/comforclima.es\/blog\/\",\"name\":\"Comforclima\",\"description\":\"Climatizaci\\u00f3n y Calefacci\\u00f3n en Plasencia. \",\"potentialAction\":[{\"@type\":\"SearchAction\",\"target\":\"https:\/\/comforclima.es\/blog\/?s={search_term_string}\",\"query-input\":\"required name=search_term_string\"}],\"inLanguage\":\"es\"},{\"@type\":\"WebPage\",\"@id\":\"https:\/\/comforclima.es\/blog\/quienes-somos\/#webpage\",\"url\":\"https:\/\/comforclima.es\/blog\/quienes-somos\/\",\"name\":\"Qui\\u00e9nes somos - Comforclima\",\"isPartOf\":{\"@id\":\"https:\/\/comforclima.es\/blog\/#website\"},\"datePublished\":\"2020-08-12T08:35:51+00:00\",\"dateModified\":\"2020-09-16T09:02:17+00:00\",\"breadcrumb\":{\"@id\":\"https:\/\/comforclima.es\/blog\/quienes-somos\/#breadcrumb\"},\"inLanguage\":\"es\",\"potentialAction\":[{\"@type\":\"ReadAction\",\"target\":[\"https:\/\/comforclima.es\/blog\/quienes-somos\/\"]}]},{\"@type\":\"BreadcrumbList\",\"@id\":\"https:\/\/comforclima.es\/blog\/quienes-somos\/#breadcrumb\",\"itemListElement\":[{\"@type\":\"ListItem\",\"position\":1,\"item\":{\"@type\":\"WebPage\",\"@id\":\"https:\/\/comforclima.es\/blog\/\",\"url\":\"https:\/\/comforclima.es\/blog\/\",\"name\":\"Portada\"}},{\"@type\":\"ListItem\",\"position\":2,\"item\":{\"@type\":\"WebPage\",\"@id\":\"https:\/\/comforclima.es\/blog\/quienes-somos\/\",\"url\":\"https:\/\/comforclima.es\/blog\/quienes-somos\/\",\"name\":\"Qui\\u00e9nes somos\"}}]}]}<\/script>\n<!-- \/ Yoast SEO plugin. -->","_links":{"self":[{"href":"https:\/\/comforclima.es\/blog\/wp-json\/wp\/v2\/pages\/443"}],"collection":[{"href":"https:\/\/comforclima.es\/blog\/wp-json\/wp\/v2\/pages"}],"about":[{"href":"https:\/\/comforclima.es\/blog\/wp-json\/wp\/v2\/types\/page"}],"author":[{"embeddable":true,"href":"https:\/\/comforclima.es\/blog\/wp-json\/wp\/v2\/users\/1"}],"replies":[{"embeddable":true,"href":"https:\/\/comforclima.es\/blog\/wp-json\/wp\/v2\/comments?post=443"}],"version-history":[{"count":23,"href":"https:\/\/comforclima.es\/blog\/wp-json\/wp\/v2\/pages\/443\/revisions"}],"predecessor-version":[{"id":603,"href":"https:\/\/comforclima.es\/blog\/wp-json\/wp\/v2\/pages\/443\/revisions\/603"}],"wp:attachment":[{"href":"https:\/\/comforclima.es\/blog\/wp-json\/wp\/v2\/media?parent=443"}],"curies":[{"name":"wp","href":"https:\/\/api.w.org\/{rel}","templated":true}]}}