{"id":589,"date":"2020-09-16T06:57:20","date_gmt":"2020-09-16T06:57:20","guid":{"rendered":"https:\/\/comforclima.es\/blog\/?page_id=589"},"modified":"2020-09-16T06:57:21","modified_gmt":"2020-09-16T06:57:21","slug":"politica-de-cookies","status":"publish","type":"page","link":"https:\/\/comforclima.es\/blog\/politica-de-cookies\/","title":{"rendered":"Pol\u00edtica de Cookies"},"content":{"rendered":"\n<h2><strong>INFORMACI\u00d3N SOBRE COOKIES<\/strong><\/h2>\n\n\n\n<p>De conformidad con lo establecido en el art\u00edculo 22.2 de la LSSICE (Ley 34\/2002, de 11 de julio) y con el Reglamento (UE) 2016\/679, de 27 de abril (RGPD), te informamos de lo relativo al uso y tratamiento de dispositivos de almacenamiento y recuperaci\u00f3n de datos en equipos terminales de los destinatarios, dispositivos com\u00fanmente denominados \u201ccookies\u201d, por parte de los titulares de este sitio web, en lo sucesivo \u201cCOMFORCLIMA\u201d.<\/p>\n\n\n\n<h2><strong>\u00bfQU\u00c9 SON LAS COOKIES?<\/strong><\/h2>\n\n\n\n<p>Las cookies y otras tecnolog\u00edas similares, tales como local shared objects, balizas web, flash cookies o p\u00edxeles, son herramientas empleadas por los servidores web para almacenar y recuperar informaci\u00f3n acerca de sus visitantes, as\u00ed como para ofrecer un correcto funcionamiento del sitio.<\/p>\n\n\n\n<p>La utilizaci\u00f3n de cookies est\u00e1 ampliamente extendida ya que redunda en un funcionamiento m\u00e1s eficaz de las p\u00e1ginas web y, por tanto, del servicio o servicios que las mismas prestan.<\/p>\n\n\n\n<p>Esos archivos de texto, las cookies, principalmente recogen datos de uso y navegaci\u00f3n que luego pueden recuperarse y utilizarse por el responsable de esa cookie para diversas finalidades: por ejemplo, y sin \u00e1nimo exhaustivo, observaci\u00f3n del comportamiento del usuario, personalizaci\u00f3n de caracter\u00edsticas determinadas de la navegaci\u00f3n, determinar caracter\u00edsticas de su navegador o dispositivos utilizados, etc.<\/p>\n\n\n\n<p>En ning\u00fan caso COMFORCLIMA se sirve de cookies que puedan recopilar informaci\u00f3n sensible sobre ti ni sobre tu identidad o perfil. Dicho de forma muy sencilla: nunca conoceremos tu identidad exclusivamente a partir de las cookies utilizadas por nuestra web.<\/p>\n\n\n\n<h2><strong>CLASIFICACI\u00d3N DE LAS COOKIES<\/strong><\/h2>\n\n\n\n<p>Existen diversos tipos de cookies:<\/p>\n\n\n\n<h3><strong>En funci\u00f3n de la titularidad:<\/strong><\/h3>\n\n\n\n<ul><li>Cookies propias: las generadas por un equipo o dominio gestionado por el propio editor web (en este caso por COMFORCLIMA)<\/li><\/ul>\n\n\n\n<ul><li>Cookies de terceros: las generadas y enviadas al terminal del usuario por un servicio de terceros que el editor est\u00e9 utilizando en su web.<\/li><\/ul>\n\n\n\n<p>En este sentido, COMFORCLIMA utiliza cookies tanto propias como de terceros.<\/p>\n\n\n\n<h3><strong>Por su duraci\u00f3n o tiempo durante el que permanecen activadas:<\/strong><\/h3>\n\n\n\n<ul><li>Cookies de sesi\u00f3n: Recaban y almacenan datos mientras el usuario accede a una p\u00e1gina web. Se suelen emplear para almacenar informaci\u00f3n que solo interesa conservar para la prestaci\u00f3n del servicio solicitado por el usuario en una sola ocasi\u00f3n (p.e. una lista de productos adquiridos).<\/li><\/ul>\n\n\n\n<ul><li>Cookies persistentes: Son un tipo de cookies en el que los datos siguen almacenados en el terminal y pueden ser accedidos y tratados durante un periodo definido por el responsable de la cookie, y que puede ir de unos minutos a varios a\u00f1os.<\/li><\/ul>\n\n\n\n<p>En este sentido, COMFORCLIMA utiliza cookies tanto de sesi\u00f3n como persistentes.<\/p>\n\n\n\n<h3><strong>Por su finalidad:<\/strong><\/h3>\n\n\n\n<ul><li>Cookies t\u00e9cnicas o estrictamente necesarias: Son aqu\u00e9llas que permiten al usuario la navegaci\u00f3n a trav\u00e9s de una p\u00e1gina web, plataforma o aplicaci\u00f3n y la utilizaci\u00f3n de las diferentes opciones o servicios que en ella existan.<\/li><\/ul>\n\n\n\n<ul><li>Cookies de personalizaci\u00f3n: Son aqu\u00e9llas que permiten al usuario acceder al servicio con algunas caracter\u00edsticas de car\u00e1cter general predefinidas en funci\u00f3n de una serie de criterios en el terminal del usuario como por ejemplo serian el idioma, el tipo de navegador a trav\u00e9s del cual accede al servicio, la configuraci\u00f3n regional, etc.<\/li><li>Cookies de an\u00e1lisis o anal\u00edticas: Son aqu\u00e9llas que permiten al responsable de las mismas, el seguimiento y an\u00e1lisis del comportamiento de los usuarios de los sitios web a los que est\u00e1n vinculadas. La informaci\u00f3n recogida mediante este tipo de cookies se utiliza en la medici\u00f3n de la actividad de los sitios web, aplicaci\u00f3n o plataforma y para la elaboraci\u00f3n de perfiles de navegaci\u00f3n de los usuarios de dichos sitios, aplicaciones y plataformas, con el fin de introducir mejoras en funci\u00f3n del an\u00e1lisis de los datos de uso que hacen los usuarios del servicio.<\/li><li>Cookies publicitarias: Son aqu\u00e9llas que permiten la gesti\u00f3n, de la forma m\u00e1s eficaz posible, de los espacios publicitarios que, en su caso, el editor haya incluido en una p\u00e1gina web, aplicaci\u00f3n o plataforma desde la que presta el servicio solicitado en base a criterios como el contenido editado o la frecuencia en la que se muestran los anuncios.<\/li><li>Cookies sociales: Son necesarias para el funcionamiento de los widgets que permiten interactuar a la p\u00e1gina web con las redes sociales (Facebook, Twitter, LinkedIn, etc).<\/li><li>Cookies de publicidad comportamental: Son aqu\u00e9llas que permiten la gesti\u00f3n, de la forma m\u00e1s eficaz posible, de los espacios publicitarios que, en su caso, el editor haya incluido en una p\u00e1gina web, aplicaci\u00f3n o plataforma desde la que presta el servicio solicitado. Estas cookies almacenan informaci\u00f3n del comportamiento de los usuarios obtenida a trav\u00e9s de la observaci\u00f3n continuada de sus h\u00e1bitos de navegaci\u00f3n, lo que permite desarrollar un perfil espec\u00edfico para mostrar publicidad en funci\u00f3n del mismo.<\/li><\/ul>\n\n\n\n<p>En este sentido, COMFORCLIMA utiliza cookies t\u00e9cnicas o estrictamente necesarias y cookies anal\u00edticas.<\/p>\n\n\n\n<h2><strong>\u00bfQU\u00c9 COOKIES UTILIZA COMFORCLIMA?<\/strong><\/h2>\n\n\n\n<ul><li>Nombre del titular\/responsable: COMFORCLIMA, E.S.P.J (en lo sucesivo, \u201cCOMFORCLIMA\u201d)<\/li><\/ul>\n\n\n\n<ul><li>CIF: E10500585<\/li><li>Domicilio de notificaciones: Puerta de berrozana, 4, Plasencia, 10600, C\u00e1ceres,(Espa\u00f1a)<\/li><li>Correo electr\u00f3nico: info@comforclima.es<\/li><li>Tel\u00e9fono: +34 927 04 26 11<\/li><\/ul>\n\n\n\n<h2><strong>GESTI\u00d3N, CONFIGURACI\u00d3N Y ELIMINACI\u00d3N DE COOKIES<\/strong><\/h2>\n\n\n\n<p>En el momento de acceder a la p\u00e1gina web de COMFORCLIMA el usuario visualizar\u00e1 un aviso de cookies. Dicho aviso contiene un hiperenlace o link a un panel para configurar o administrar las preferencias relativas a las cookies, permitiendo al usuario activarlas o rechazarlas en funci\u00f3n de su tipolog\u00eda.<\/p>\n\n\n\n<p>Igualmente, el usuario puede revisar la configuraci\u00f3n de su navegador para que le notifique antes de descargar cookies a su terminal o dispositivo, as\u00ed como tambi\u00e9n puede proceder a la eliminaci\u00f3n de las cookies ya instaladas.<\/p>\n\n\n\n<ol type=\"1\"><li>Le ofrecemos un breve acceso a las instrucciones para la gesti\u00f3n de cookies en los navegadores m\u00e1s utilizados:<\/li><li>C\u00f3mo borrar, habilitar, y administrar cookies en Google Chrome<\/li><li>Habilitar y deshabilitar cookies que los sitios web utilizan para rastrear tus preferencias \u2013 Mozilla Firefox<\/li><li>Bloquear o permitir cookies en Internet Explorer<\/li><li>Gestionar cookies y datos de sitios web en Safari (Apple)<\/li><\/ol>\n\n\n\n<p>Algunos navegadores, en sus \u00faltimas versiones, han incorporado herramientas de protecci\u00f3n contra rastreadores y\/o permiten la instalaci\u00f3n de extensiones o complementos antirrastreo como puede ser el caso de la extensi\u00f3n \u201cGhostery\u201d.<\/p>\n","protected":false},"excerpt":{"rendered":"<p>INFORMACI\u00d3N SOBRE COOKIES De conformidad con lo establecido en el art\u00edculo 22.2 de la LSSICE (Ley 34\/2002, de 11 de julio) y con el Reglamento (UE) 2016\/679, de 27 de abril (RGPD), te informamos de lo relativo al uso y tratamiento de dispositivos de almacenamiento y recuperaci\u00f3n de datos en equipos terminales de los destinatarios, [&hellip;]<\/p>\n","protected":false},"author":7,"featured_media":0,"parent":0,"menu_order":0,"comment_status":"closed","ping_status":"closed","template":"","meta":[],"yoast_head":"<!-- This site is optimized with the Yoast SEO plugin v15.8 - https:\/\/yoast.com\/wordpress\/plugins\/seo\/ -->\n<title>Pol\u00edtica de Cookies - Comforclima<\/title>\n<meta name=\"robots\" content=\"index, follow, max-snippet:-1, max-image-preview:large, max-video-preview:-1\" \/>\n<link rel=\"canonical\" href=\"https:\/\/comforclima.es\/blog\/politica-de-cookies\/\" \/>\n<meta property=\"og:locale\" content=\"es_ES\" \/>\n<meta property=\"og:type\" content=\"article\" \/>\n<meta property=\"og:title\" content=\"Pol\u00edtica de Cookies - Comforclima\" \/>\n<meta property=\"og:description\" content=\"INFORMACI\u00d3N SOBRE COOKIES De conformidad con lo establecido en el art\u00edculo 22.2 de la LSSICE (Ley 34\/2002, de 11 de julio) y con el Reglamento (UE) 2016\/679, de 27 de abril (RGPD), te informamos de lo relativo al uso y tratamiento de dispositivos de almacenamiento y recuperaci\u00f3n de datos en equipos terminales de los destinatarios, [&hellip;]\" \/>\n<meta property=\"og:url\" content=\"https:\/\/comforclima.es\/blog\/politica-de-cookies\/\" \/>\n<meta property=\"og:site_name\" content=\"Comforclima\" \/>\n<meta property=\"article:modified_time\" content=\"2020-09-16T06:57:21+00:00\" \/>\n<meta name=\"twitter:card\" content=\"summary_large_image\" \/>\n<meta name=\"twitter:label1\" content=\"Tiempo de lectura\">\n\t<meta name=\"twitter:data1\" content=\"5 minutos\">\n<script type=\"application\/ld+json\" class=\"yoast-schema-graph\">{\"@context\":\"https:\/\/schema.org\",\"@graph\":[{\"@type\":\"WebSite\",\"@id\":\"https:\/\/comforclima.es\/blog\/#website\",\"url\":\"https:\/\/comforclima.es\/blog\/\",\"name\":\"Comforclima\",\"description\":\"Climatizaci\\u00f3n y Calefacci\\u00f3n en Plasencia. \",\"potentialAction\":[{\"@type\":\"SearchAction\",\"target\":\"https:\/\/comforclima.es\/blog\/?s={search_term_string}\",\"query-input\":\"required name=search_term_string\"}],\"inLanguage\":\"es\"},{\"@type\":\"WebPage\",\"@id\":\"https:\/\/comforclima.es\/blog\/politica-de-cookies\/#webpage\",\"url\":\"https:\/\/comforclima.es\/blog\/politica-de-cookies\/\",\"name\":\"Pol\\u00edtica de Cookies - Comforclima\",\"isPartOf\":{\"@id\":\"https:\/\/comforclima.es\/blog\/#website\"},\"datePublished\":\"2020-09-16T06:57:20+00:00\",\"dateModified\":\"2020-09-16T06:57:21+00:00\",\"breadcrumb\":{\"@id\":\"https:\/\/comforclima.es\/blog\/politica-de-cookies\/#breadcrumb\"},\"inLanguage\":\"es\",\"potentialAction\":[{\"@type\":\"ReadAction\",\"target\":[\"https:\/\/comforclima.es\/blog\/politica-de-cookies\/\"]}]},{\"@type\":\"BreadcrumbList\",\"@id\":\"https:\/\/comforclima.es\/blog\/politica-de-cookies\/#breadcrumb\",\"itemListElement\":[{\"@type\":\"ListItem\",\"position\":1,\"item\":{\"@type\":\"WebPage\",\"@id\":\"https:\/\/comforclima.es\/blog\/\",\"url\":\"https:\/\/comforclima.es\/blog\/\",\"name\":\"Portada\"}},{\"@type\":\"ListItem\",\"position\":2,\"item\":{\"@type\":\"WebPage\",\"@id\":\"https:\/\/comforclima.es\/blog\/politica-de-cookies\/\",\"url\":\"https:\/\/comforclima.es\/blog\/politica-de-cookies\/\",\"name\":\"Pol\\u00edtica de Cookies\"}}]}]}<\/script>\n<!-- \/ Yoast SEO plugin. -->","_links":{"self":[{"href":"https:\/\/comforclima.es\/blog\/wp-json\/wp\/v2\/pages\/589"}],"collection":[{"href":"https:\/\/comforclima.es\/blog\/wp-json\/wp\/v2\/pages"}],"about":[{"href":"https:\/\/comforclima.es\/blog\/wp-json\/wp\/v2\/types\/page"}],"author":[{"embeddable":true,"href":"https:\/\/comforclima.es\/blog\/wp-json\/wp\/v2\/users\/7"}],"replies":[{"embeddable":true,"href":"https:\/\/comforclima.es\/blog\/wp-json\/wp\/v2\/comments?post=589"}],"version-history":[{"count":1,"href":"https:\/\/comforclima.es\/blog\/wp-json\/wp\/v2\/pages\/589\/revisions"}],"predecessor-version":[{"id":590,"href":"https:\/\/comforclima.es\/blog\/wp-json\/wp\/v2\/pages\/589\/revisions\/590"}],"wp:attachment":[{"href":"https:\/\/comforclima.es\/blog\/wp-json\/wp\/v2\/media?parent=589"}],"curies":[{"name":"wp","href":"https:\/\/api.w.org\/{rel}","templated":true}]}}