{"id":591,"date":"2020-09-16T06:59:07","date_gmt":"2020-09-16T06:59:07","guid":{"rendered":"https:\/\/comforclima.es\/blog\/?page_id=591"},"modified":"2020-09-16T06:59:08","modified_gmt":"2020-09-16T06:59:08","slug":"politica-de-privacidad","status":"publish","type":"page","link":"https:\/\/comforclima.es\/blog\/politica-de-privacidad\/","title":{"rendered":"Pol\u00edtica de Privacidad"},"content":{"rendered":"\n<p>Esta Pol\u00edtica de Privacidad es una Declaraci\u00f3n donde te explicamos qu\u00e9 informaci\u00f3n y datos personales recopilamos, almacenamos, usamos, tratamos, cedemos, transferimos y\/o suprimimos relativos a ti, para qu\u00e9 finalidades procesamos tus datos, qu\u00e9 base legal nos legitima o permite hacerlo, cu\u00e1les son tus derechos y c\u00f3mo ejercitarlos ante nosotros o ante la respectiva autoridad de control, si fuere el caso.<\/p>\n\n\n\n<p>Nuestros principios son muy claros. En esta web t\u00fa tienes el control de tu informaci\u00f3n personal y nunca venderemos a terceros ni aprovecharemos de forma ileg\u00edtima o desleal tus datos personales.<\/p>\n\n\n\n<p>Esto quiere decir que siempre utilizaremos los datos que t\u00fa nos facilites para las estrictas y leg\u00edtimas finalidades de nuestra actividad y siempre de forma transparente y procurando no menoscabar ni vulnerar ning\u00fan derecho o inter\u00e9s que te afecte.<\/p>\n\n\n\n<p>La presente Pol\u00edtica de Privacidad se ha elaborado conforme a los principios y normas aprobados por el Reglamento (UE) 2016\/679, de 27 de abril, conocido como Reglamento General de Protecci\u00f3n de Datos o \u201cRGPD\u201d, as\u00ed como siguiendo las directrices de la autoridad de control (Agencia Espa\u00f1ola de Protecci\u00f3n de Datos) sobre la materia.<\/p>\n\n\n\n<p>Consideramos muy importante proporcionar esta informaci\u00f3n y que la leas y comprendas, por lo que hemos procurado utilizar un lenguaje claro, sencillo y transparente, minimizando el uso de f\u00f3rmulas legales.<\/p>\n\n\n\n<h2><strong>1-. IDENTIDAD DEL RESPONSABLE: \u00bfQui\u00e9n es el Responsable del Tratamiento de tu informaci\u00f3n y datos personales?<\/strong><\/h2>\n\n\n\n<h3><strong>Datos de identidad y de contacto<\/strong><\/h3>\n\n\n\n<ul><li>Nombre del titular\/responsable: COMFORCLIMA, E.S.P.J (en lo sucesivo, \u201cCOMFORCLIMA\u201d)<\/li><\/ul>\n\n\n\n<ul><li>CIF: E10500585<\/li><li>Inscripci\u00f3n registral:<\/li><li>Domicilio de notificaciones: Puerta de berrozana, 4, Plasencia, 10600, C\u00e1ceres,(Espa\u00f1a)<\/li><li>Correo electr\u00f3nico: info@comforclima.es<\/li><li>Tel\u00e9fono: +34 927 04 26 11<\/li><\/ul>\n\n\n\n<h2><strong>2- FINALIDADES DEL TRATAMIENTO: \u00bfPARA QU\u00c9 TRATAMOS TUS DATOS PERSONALES?<\/strong><\/h2>\n\n\n\n<p>En COMFORCLIMA trataremos los datos personales obtenidos como consecuencia de la utilizaci\u00f3n de esta web para las siguientes finalidades:<\/p>\n\n\n\n<ol type=\"1\"><li>Mantenimiento del contacto con el usuario y atenci\u00f3n al cliente.<\/li><li>Gesti\u00f3n de la relaci\u00f3n contractual derivada de la adquisici\u00f3n de productos de la tienda online.<\/li><li>Gesti\u00f3n, en su caso, de las comunicaciones comerciales, inclusive por medios electr\u00f3nicos.<\/li><li>Cumplimiento de obligaciones legales de facturaci\u00f3n y tributaci\u00f3n del Responsable.<\/li><li>Recepci\u00f3n, custodia y gesti\u00f3n de la hoja curricular de candidatos para selecci\u00f3n de personal.<\/li><li>An\u00e1lisis del comportamiento de los usuarios en el sitio web con la finalidad de mejorar la usabilidad del servicio o nuestras campa\u00f1as publicitarias, utilizando cookies.&nbsp;<\/li><li>Seguridad t\u00e9cnica y prevenci\u00f3n del uso indebido de las funcionalidades del sitio web.<\/li><li>Ejercicio y defensa de reclamaciones.<\/li><\/ol>\n\n\n\n<h2><strong>3-. BASE JUR\u00cdDICA: \u00bfQu\u00e9 norma en vigor nos legitima para tratar tus datos personales?<\/strong><\/h2>\n\n\n\n<h3><strong>3.1. La relaci\u00f3n contractual (art. 6.1 letra b del RGPD)<\/strong><\/h3>\n\n\n\n<p>Normalmente trataremos tus datos personales ampar\u00e1ndonos en que dicho tratamiento es necesario para la gesti\u00f3n del contrato que nos vincula con nuestros usuarios\/clientes (el contrato de compraventa de productos en nuestra tienda online) o bien para la aplicaci\u00f3n de medidas precontractuales (a petici\u00f3n de los interesados).<\/p>\n\n\n\n<h3><strong>3.2. El cumplimiento de una obligaci\u00f3n legal aplicable al Responsable (art. 6.1 c del RGPD)<\/strong><\/h3>\n\n\n\n<p>Aplicable a: Finalidad n\u00famero 5 del Apartado 2 \u201cFinalidades del tratamiento\u201d.<\/p>\n\n\n\n<p>En concreto, COMFORCLIMA podr\u00e1 tratar los datos de los clientes de la tienda online para el cumplimiento de sus obligaciones legales relativas a facturaci\u00f3n y tributaci\u00f3n.<\/p>\n\n\n\n<h3><strong>3.2. Consentimiento del interesado (6.1 letra a del RGPD)<\/strong><\/h3>\n\n\n\n<p>Aplicable a: Finalidades n\u00fameros 4, 6 y 7 del Apartado 2 \u201cFinalidades del tratamiento\u201d.<\/p>\n\n\n\n<p>Solicitaremos tu consentimiento expreso, previo, libre, informado e inequ\u00edvoco para la utilizaci\u00f3n de cookies no exceptuadas por la ley de los deberes de informaci\u00f3n y de recabado de consentimiento (ver Pol\u00edtica de Cookies).<\/p>\n\n\n\n<p>De igual forma, recabaremos expresamente tu consentimiento antes de enviarte comunicaciones comerciales por v\u00eda electr\u00f3nica.<\/p>\n\n\n\n<h3><strong>3.3. Intereses leg\u00edtimos del responsable (6.1 letra f del RGPD)<\/strong><\/h3>\n\n\n\n<p>Aplicable a: Finalidades n\u00fameros 1, 8 y 9<\/p>\n\n\n\n<p>Para la consecuci\u00f3n de dichas finalidades COMFORCLIMA basar\u00e1 el tratamiento de tus datos en la persecuci\u00f3n de sus intereses leg\u00edtimos, frente a los cuales siempre podr\u00e1s ejercer un derecho de oposici\u00f3n. En dicho caso, COMFORCLIMA dejar\u00e1 de tratar tus datos siempre que no prevalezcan por imperiosos los intereses leg\u00edtimos de COMFORCLIMA. En el caso de que te opongas a la recepci\u00f3n de comunicaciones comerciales o el tratamiento de tus datos con fines de mercadotecnia directa, COMFORCLIMA dejar\u00e1 de tratar tus datos en todo caso.<\/p>\n\n\n\n<h2><strong>4-. CATEGOR\u00cdAS DE DATOS: \u00bfQu\u00e9 datos personales tratamos mediante las funcionalidades de esta p\u00e1gina web?<\/strong><\/h2>\n\n\n\n<p>COMFORCLIMA capta la m\u00ednima cantidad posible de datos personales para poder realizar la prestaci\u00f3n del servicio correspondiente, cumpliendo con las exigencias del principio de minimizaci\u00f3n de datos del RGPD.<\/p>\n\n\n\n<p>Dichos datos son los que se recaban en los formularios de recogida de datos que contenga esta web y los recopilados a trav\u00e9s de cookies y tecnolog\u00edas similares.<\/p>\n\n\n\n<p>4.1. En los formularios web se recopilan datos necesarios para gestionar el contacto con el usuario o para poder gestionar el env\u00edo de productos comprados, as\u00ed como expedir la correspondiente factura. Son estas categor\u00edas de datos:<\/p>\n\n\n\n<p>Datos identificativos: Nombre, apellidos, NIF<\/p>\n\n\n\n<p>Datos de contacto: Domicilio o lugar de env\u00edo, email, tel\u00e9fono<\/p>\n\n\n\n<p>4.3. A trav\u00e9s de cookies u otras tecnolog\u00edas similares se recopilan determinados datos, como la IP, la identificaci\u00f3n del dispositivo del usuario o de determinados par\u00e1metros de navegaci\u00f3n o seguridad, necesarios para ofrecerle la plena funcionalidad de esta web o el cumplimiento de las finalidades expresadas en nuestra Pol\u00edtica de Cookies.<\/p>\n\n\n\n<p>Ninguno de los datos tratados por COMFORCLIMA en esta web son sensibles ni tienen un impacto notable sobre tu privacidad ni en tus derechos y libertades. En concreto, no se solicitar\u00e1 en nuestra web ning\u00fan dato de categor\u00eda especial.<\/p>\n\n\n\n<p>COMFORCLIMA, en el momento de recabar los datos personales a trav\u00e9s de esta web, informar\u00e1 sobre cu\u00e1les de tus datos personales son obligatorios (por defecto, los que no sean marcados expresamente como \u201copcionales\u201d) para poder prestar los correspondientes.<\/p>\n\n\n\n<p>Tu negativa a suministrar los datos obligatorios supondr\u00e1 la imposibilidad de prestarte el correspondiente servicio o de atender tu petici\u00f3n como interesado, salvo que COMFORCLIMA, en funci\u00f3n de las circunstancias concretas de cada caso, decida otra cosa.<\/p>\n\n\n\n<p>Para que la informaci\u00f3n que contiene nuestro sistema de tratamiento est\u00e9 siempre actualizada y no contenga errores, te pedimos que nos comuniques, a la mayor brevedad posible, las modificaciones y rectificaciones que proceda realizar sobre tus datos personales.<\/p>\n\n\n\n<h2><strong>5-. CATEGOR\u00cdAS DE DESTINATARIOS \u00bfA qui\u00e9n cederemos tus datos?<\/strong><\/h2>\n\n\n\n<p>COMFORCLIMA no ceder\u00e1 los datos recabados mediante las funcionalidades dispuestas en esta web a ninguna otra empresa u organizaci\u00f3n.<\/p>\n\n\n\n<p>Solamente cuando una norma del Derecho de la Uni\u00f3n Europea o del Derecho espa\u00f1ol lo establezca, COMFORCLIMA ceder\u00e1 tus datos por obligaci\u00f3n legal a las Administraciones P\u00fablicas que proceda, a las autoridades competentes, as\u00ed como, en su caso, a jueces y tribunales.<\/p>\n\n\n\n<p>Cuando se vaya a realizar un tratamiento de tus datos personales por cuenta de COMFORCLIMA, nuestra compa\u00f1\u00eda elegir\u00e1 \u00fanicamente proveedores (encargados de tratamiento) que ofrezcan garant\u00edas suficientes para aplicar medidas t\u00e9cnicas y organizativas apropiadas, de manera que el tratamiento sea conforme con los requisitos de la normativa vigente en materia de protecci\u00f3n de datos (RGPD y LOPDGDD) y que se garantice la defensa de los derechos del interesado.<\/p>\n\n\n\n<h2><strong>6-. TRANSFERENCIAS INTERNACIONALES DE DATOS \u00bfEn qu\u00e9 casos podr\u00edan transferirse tus datos personales a un tercer pa\u00eds fuera del Espacio Econ\u00f3mico Europeo?<\/strong><\/h2>\n\n\n\n<p>No est\u00e1n previstas por COMFORCLIMA transferencia de sus datos a terceros pa\u00edses (fuera del entorno UE \u2013 EEE) o a organizaciones internacionales.<\/p>\n\n\n\n<h2><strong>7-. PLAZOS DE CONSERVACI\u00d3N: \u00bfQu\u00e9 criterios utilizamos para determinar durante cu\u00e1nto tiempo conservaremos tus datos personales?<\/strong><\/h2>\n\n\n\n<p>Conservaremos tus datos personales mientras sean necesarios para cumplir con las finalidades para las que fueron recogidos (ver Apartado 2 \u201cFinalidades del tratamiento\u201d de esta Pol\u00edtica). Cumplidas las finalidades, mantendremos tus datos debidamente bloqueados durante los plazos de prescripci\u00f3n de las acciones legales que pudieran derivarse.<\/p>\n\n\n\n<p>Igualmente conservaremos tus datos mientras no revoques tu consentimiento, o en tanto no solicites la supresi\u00f3n de dichos datos, cuando la base jur\u00eddica que legitima el tratamiento sea la del consentimiento.&nbsp;<\/p>\n\n\n\n<p>COMFORCLIMA suprimir\u00e1 tus datos personales si el tratamiento se basa en la existencia de un inter\u00e9s leg\u00edtimo de COMFORCLIMA y te hayas opuesto (ejercicio de un derecho de oposici\u00f3n) a dicho tratamiento, siempre que no prevalezcan otros motivos leg\u00edtimos de COMFORCLIMA para el tratamiento.<\/p>\n\n\n\n<h2><strong>8-. DERECHOS: \u00bfC\u00f3mo atenderemos a los interesados en el ejercicio de sus derechos y cu\u00e1les son esos derechos?<\/strong><\/h2>\n\n\n\n<p>COMFORCLIMA siempre facilitar\u00e1 el ejercicio de tus derechos relativos a la protecci\u00f3n de datos personales, a trav\u00e9s de procedimientos y formas que ser\u00e1n visibles, accesibles y sencillos.<\/p>\n\n\n\n<p>Siempre que proceda, COMFORCLIMA posibilitar\u00e1 la presentaci\u00f3n de solicitudes por medios electr\u00f3nicos.<\/p>\n\n\n\n<p>Concretamente puedes dirigirnos tu solicitud acompa\u00f1ando copia de tu DNI u otro documento oficial de identificaci\u00f3n a la direcci\u00f3n postal o a la direcci\u00f3n de correo electr\u00f3nico de COMFORCLIMA (ver Apartado 1 \u201cIdentidad del Responsable\u201d en la parte superior de esta Pol\u00edtica).<\/p>\n\n\n\n<p>El ejercicio de los derechos ser\u00e1 gratuito. En los casos en que se formulen solicitudes manifiestamente infundadas o excesivas, especialmente por repetitivas, COMFORCLIMA podr\u00e1 cobrar un canon que compense los costes administrativos de atender a la petici\u00f3n o negarse a actuar. Dicho canon no podr\u00e1 implicar un ingreso adicional para COMFORCLIMA, sino que deber\u00e1 corresponderse efectivamente con el verdadero coste de la tramitaci\u00f3n de la solicitud.<\/p>\n\n\n\n<p>COMFORCLIMA deber\u00e1 informar al interesado sobre las actuaciones derivadas de su petici\u00f3n en el plazo de un mes (plazo que podr\u00e1 extenderse a dos meses cuando se trate de solicitudes especialmente complejas, debiendo notificar esta ampliaci\u00f3n al interesado dentro del primer mes).<\/p>\n\n\n\n<p>Si COMFORCLIMA decidiese no atender una solicitud, deber\u00e1 informar de ello, motivando su negativa, dentro del plazo de un mes desde su presentaci\u00f3n.<\/p>\n\n\n\n<p>Y estos son tus derechos como interesado o titular de datos personales:<\/p>\n\n\n\n<p>8.1. Derecho de acceso: tienes derecho a obtener de COMFORCLIMA confirmaci\u00f3n de si se est\u00e1n tratando o no datos personales que te conciernen. COMFORCLIMA, en su caso, facilitar\u00e1 una copia de los datos personales objeto del tratamiento.<\/p>\n\n\n\n<p>8.2. Derecho de rectificaci\u00f3n: tienes derecho a obtener sin dilaci\u00f3n indebida la rectificaci\u00f3n de los datos personales inexactos que te conciernan. Teniendo en cuenta los fines del tratamiento, tendr\u00e1s derecho a que se completen los datos personales que sean incompletos, inclusive mediante una declaraci\u00f3n adicional.<\/p>\n\n\n\n<p>8.3. Derecho de supresi\u00f3n: tienes derecho a obtener sin dilaci\u00f3n indebida la eliminaci\u00f3n de los datos personales que te afecten. Cuando concurran las circunstancias expresadas en el art\u00edculo 17.1 del RGPD, COMFORCLIMA estar\u00e1 obligada a suprimir sin dilaci\u00f3n tus datos.<\/p>\n\n\n\n<p>8.4. Derecho a la portabilidad de los datos: tienes derecho a recibir los datos personales que te incumban en un formato estructurado, de uso com\u00fan y lectura mec\u00e1nica, y a transmitirlos a otro responsable del tratamiento sin que lo impida COMFORCLIMA, cuando el tratamiento est\u00e9 basado en su consentimiento y, adem\u00e1s, se efect\u00fae por medios automatizados.<\/p>\n\n\n\n<p>8.5. Derecho de limitaci\u00f3n del tratamiento: cuando el tratamiento de tus datos personales se haya limitado en virtud de una solicitud por tu parte, dichos datos s\u00f3lo podr\u00e1n ser objeto de tratamiento, con excepci\u00f3n de su conservaci\u00f3n, con su consentimiento o para la formulaci\u00f3n, el ejercicio o la defensa de reclamaciones, o con miras a la protecci\u00f3n de los derechos de otra persona f\u00edsica o jur\u00eddica, o por razones de inter\u00e9s p\u00fablico importante. Tienes derecho a obtener la limitaci\u00f3n del tratamiento de tus datos personales cuando se cumpla alguna de las circunstancias previstas en el art\u00edculo 18.1 del RGPD.<\/p>\n\n\n\n<p>8.6. Derecho de oposici\u00f3n: tienes derecho a oponerte en cualquier momento, por motivos relacionados con su situaci\u00f3n particular, a que datos personales que te conciernan sean objeto de un tratamiento basado en los intereses leg\u00edtimos de COMFORCLIMA o de terceros. Cuando el tratamiento de datos personales tenga por objeto la mercadotecnia directa, tendr\u00e1s derecho a oponerte en todo momento al tratamiento de los datos personales que te conciernan. En el caso de que te opongas al tratamiento de sus datos con fines de mercadotecnia directa, dichos datos personales dejar\u00e1n de ser tratados para dichos fines inmediatamente.<\/p>\n\n\n\n<p>Te recordamos que siempre que la base jur\u00eddica del tratamiento de los datos sea tu consentimiento, tendr\u00e1s derecho a revocar dicho consentimiento siempre y en todo caso, y de manera tan f\u00e1cil como lo diste.<\/p>\n\n\n\n<p>Tambi\u00e9n tienes derecho a la presentaci\u00f3n de una reclamaci\u00f3n ante la respectiva autoridad de control, por lo general la Agencia Espa\u00f1ola de Protecci\u00f3n de Datos, si no has sido satisfecho por COMFORCLIMA en el ejercicio de tus derechos. Para m\u00e1s informaci\u00f3n, puedes acudir al sitio web de la misma en el presente enlace.<\/p>\n\n\n\n<p>Por \u00faltimo, tienes derecho a no ser objeto de una decisi\u00f3n de COMFORCLIMA basada \u00fanicamente en el tratamiento automatizado, incluida la elaboraci\u00f3n de perfiles, que produzca efectos jur\u00eddicos o que te afecte significativamente de modo similar.<\/p>\n\n\n\n<p>Dispones de informaci\u00f3n detallada sobre tus derechos de protecci\u00f3n de datos e incluso modelos y formularios para su ejercicio en esta p\u00e1gina de la web oficial de la AEPD.<\/p>\n\n\n\n<h2><strong>9-. MEDIDAS T\u00c9CNICAS Y ORGANIZATIVAS &#8211; \u00bfQu\u00e9 seguridad aplicar\u00e1 COMFORCLIMA al tratamiento de tus datos personales?<\/strong><\/h2>\n\n\n\n<p>La privacidad de los usuarios, el secreto profesional y la seguridad de los datos personales son principios clave y compromisos firmes en la actuaci\u00f3n e interacci\u00f3n de COMFORCLIMA con los datos personales.<\/p>\n\n\n\n<p>Teniendo en cuenta el estado de la t\u00e9cnica, los costes de aplicaci\u00f3n, y la naturaleza, el alcance, el contexto y los fines del tratamiento, as\u00ed como los riesgos de probabilidad y gravedad variables para los derechos y libertades de las personas f\u00edsicas, COMFORCLIMA aplicar\u00e1 medidas t\u00e9cnicas y organizativas apropiadas para garantizar un nivel de seguridad adecuado al riesgo.<\/p>\n\n\n\n<p>Dichas medidas t\u00e9cnicas y organizativas ir\u00e1n encaminadas a reducir y minimizar los riesgos de p\u00e9rdida, uso indebido, alteraci\u00f3n, acceso no autorizado, o divulgaci\u00f3n de dicha informaci\u00f3n personal que te concierne.<\/p>\n\n\n\n<p>Para brindarte m\u00e1s seguridad, esta p\u00e1gina web tiene instalado un certificado SSL (Secure Socket Layer) que hace que la comunicaci\u00f3n de informaci\u00f3n entre tu terminal y\/o dispositivo y COMFORCLIMA viaje cifrada, lo que otorga al sitio web la condici\u00f3n de sitio confiable, aut\u00e9ntico y seguro.<\/p>\n\n\n\n<h2><strong>10-. Modificaci\u00f3n de la Pol\u00edtica de Privacidad<\/strong><\/h2>\n\n\n\n<p>Con el fin de implantar efectivamente en COMFORCLIMA el principio de cumplimiento proactivo y constante de la normativa de protecci\u00f3n de datos, as\u00ed como atendiendo al deber de transparencia, es probable que modifiquemos la presente Pol\u00edtica de Privacidad de vez en cuando.<\/p>\n\n\n\n<p>Por ello te recomendamos que revises la presente Pol\u00edtica con frecuencia. No obstante, COMFORCLIMA realizar\u00e1 los m\u00e1s diligentes esfuerzos por comunicar a los titulares de los datos cualquier cambio significativo de esta Declaraci\u00f3n de Privacidad con repercusi\u00f3n en los derechos e intereses de dichos titulares de datos personales.<\/p>\n\n\n\n<h2><strong>11-. M\u00e1s informaci\u00f3n sobre Privacidad en COMFORCLIMA<\/strong><\/h2>\n\n\n\n<p>Para aclarar cualquier duda, cuesti\u00f3n o inquietud suscitada o sin resolver por la lectura de la presente Declaraci\u00f3n de Privacidad, puedes ponerte en contacto con COMFORCLIMA dirigiendo escrito a su direcci\u00f3n postal o a su direcci\u00f3n electr\u00f3nica (ver Apartado 1 \u201cIdentidad del Responsable\u201d de esta Pol\u00edtica).<\/p>\n","protected":false},"excerpt":{"rendered":"<p>Esta Pol\u00edtica de Privacidad es una Declaraci\u00f3n donde te explicamos qu\u00e9 informaci\u00f3n y datos personales recopilamos, almacenamos, usamos, tratamos, cedemos, transferimos y\/o suprimimos relativos a ti, para qu\u00e9 finalidades procesamos tus datos, qu\u00e9 base legal nos legitima o permite hacerlo, cu\u00e1les son tus derechos y c\u00f3mo ejercitarlos ante nosotros o ante la respectiva autoridad de [&hellip;]<\/p>\n","protected":false},"author":7,"featured_media":0,"parent":0,"menu_order":0,"comment_status":"closed","ping_status":"closed","template":"","meta":[],"yoast_head":"<!-- This site is optimized with the Yoast SEO plugin v15.8 - https:\/\/yoast.com\/wordpress\/plugins\/seo\/ -->\n<title>Pol\u00edtica de Privacidad - Comforclima<\/title>\n<meta name=\"robots\" content=\"index, follow, max-snippet:-1, max-image-preview:large, max-video-preview:-1\" \/>\n<link rel=\"canonical\" href=\"https:\/\/comforclima.es\/blog\/politica-de-privacidad\/\" \/>\n<meta property=\"og:locale\" content=\"es_ES\" \/>\n<meta property=\"og:type\" content=\"article\" \/>\n<meta property=\"og:title\" content=\"Pol\u00edtica de Privacidad - Comforclima\" \/>\n<meta property=\"og:description\" content=\"Esta Pol\u00edtica de Privacidad es una Declaraci\u00f3n donde te explicamos qu\u00e9 informaci\u00f3n y datos personales recopilamos, almacenamos, usamos, tratamos, cedemos, transferimos y\/o suprimimos relativos a ti, para qu\u00e9 finalidades procesamos tus datos, qu\u00e9 base legal nos legitima o permite hacerlo, cu\u00e1les son tus derechos y c\u00f3mo ejercitarlos ante nosotros o ante la respectiva autoridad de [&hellip;]\" \/>\n<meta property=\"og:url\" content=\"https:\/\/comforclima.es\/blog\/politica-de-privacidad\/\" \/>\n<meta property=\"og:site_name\" content=\"Comforclima\" \/>\n<meta property=\"article:modified_time\" content=\"2020-09-16T06:59:08+00:00\" \/>\n<meta name=\"twitter:card\" content=\"summary_large_image\" \/>\n<meta name=\"twitter:label1\" content=\"Tiempo de lectura\">\n\t<meta name=\"twitter:data1\" content=\"13 minutos\">\n<script type=\"application\/ld+json\" class=\"yoast-schema-graph\">{\"@context\":\"https:\/\/schema.org\",\"@graph\":[{\"@type\":\"WebSite\",\"@id\":\"https:\/\/comforclima.es\/blog\/#website\",\"url\":\"https:\/\/comforclima.es\/blog\/\",\"name\":\"Comforclima\",\"description\":\"Climatizaci\\u00f3n y Calefacci\\u00f3n en Plasencia. \",\"potentialAction\":[{\"@type\":\"SearchAction\",\"target\":\"https:\/\/comforclima.es\/blog\/?s={search_term_string}\",\"query-input\":\"required name=search_term_string\"}],\"inLanguage\":\"es\"},{\"@type\":\"WebPage\",\"@id\":\"https:\/\/comforclima.es\/blog\/politica-de-privacidad\/#webpage\",\"url\":\"https:\/\/comforclima.es\/blog\/politica-de-privacidad\/\",\"name\":\"Pol\\u00edtica de Privacidad - Comforclima\",\"isPartOf\":{\"@id\":\"https:\/\/comforclima.es\/blog\/#website\"},\"datePublished\":\"2020-09-16T06:59:07+00:00\",\"dateModified\":\"2020-09-16T06:59:08+00:00\",\"breadcrumb\":{\"@id\":\"https:\/\/comforclima.es\/blog\/politica-de-privacidad\/#breadcrumb\"},\"inLanguage\":\"es\",\"potentialAction\":[{\"@type\":\"ReadAction\",\"target\":[\"https:\/\/comforclima.es\/blog\/politica-de-privacidad\/\"]}]},{\"@type\":\"BreadcrumbList\",\"@id\":\"https:\/\/comforclima.es\/blog\/politica-de-privacidad\/#breadcrumb\",\"itemListElement\":[{\"@type\":\"ListItem\",\"position\":1,\"item\":{\"@type\":\"WebPage\",\"@id\":\"https:\/\/comforclima.es\/blog\/\",\"url\":\"https:\/\/comforclima.es\/blog\/\",\"name\":\"Portada\"}},{\"@type\":\"ListItem\",\"position\":2,\"item\":{\"@type\":\"WebPage\",\"@id\":\"https:\/\/comforclima.es\/blog\/politica-de-privacidad\/\",\"url\":\"https:\/\/comforclima.es\/blog\/politica-de-privacidad\/\",\"name\":\"Pol\\u00edtica de Privacidad\"}}]}]}<\/script>\n<!-- \/ Yoast SEO plugin. -->","_links":{"self":[{"href":"https:\/\/comforclima.es\/blog\/wp-json\/wp\/v2\/pages\/591"}],"collection":[{"href":"https:\/\/comforclima.es\/blog\/wp-json\/wp\/v2\/pages"}],"about":[{"href":"https:\/\/comforclima.es\/blog\/wp-json\/wp\/v2\/types\/page"}],"author":[{"embeddable":true,"href":"https:\/\/comforclima.es\/blog\/wp-json\/wp\/v2\/users\/7"}],"replies":[{"embeddable":true,"href":"https:\/\/comforclima.es\/blog\/wp-json\/wp\/v2\/comments?post=591"}],"version-history":[{"count":1,"href":"https:\/\/comforclima.es\/blog\/wp-json\/wp\/v2\/pages\/591\/revisions"}],"predecessor-version":[{"id":592,"href":"https:\/\/comforclima.es\/blog\/wp-json\/wp\/v2\/pages\/591\/revisions\/592"}],"wp:attachment":[{"href":"https:\/\/comforclima.es\/blog\/wp-json\/wp\/v2\/media?parent=591"}],"curies":[{"name":"wp","href":"https:\/\/api.w.org\/{rel}","templated":true}]}}