{"id":729,"date":"2021-03-29T08:13:32","date_gmt":"2021-03-29T08:13:32","guid":{"rendered":"https:\/\/comforclima.es\/blog\/?page_id=729"},"modified":"2021-04-06T10:23:17","modified_gmt":"2021-04-06T10:23:17","slug":"aire-acondicionado-plasencia","status":"publish","type":"page","link":"https:\/\/comforclima.es\/blog\/aire-acondicionado-plasencia\/","title":{"rendered":"Aire acondicionado en Plasencia"},"content":{"rendered":"<p>[vc_row][vc_column width=\u00bb1\/2&#8243;][vc_column_text]<\/p>\n<h1>Aire Acondicionado en Plasencia<\/h1>\n<p>[\/vc_column_text][vc_column_text]En Comforclima brindamos un servicio exclusivo de instalaci\u00f3n de aire acondicionado en Plasencia a un precio asequible.<\/p>\n<p>Comforclima es una compa\u00f1\u00eda con amplia experiencia en el sector de la climatizaci\u00f3n, por lo que trabajamos con gran variedad de modelos del mercado. Nuestro equipo de profesionales en el sector asegura una instalaci\u00f3n segura, correcta y eficiente en ambientes del hogar, oficina o empresas a gran escala.[\/vc_column_text][\/vc_column][vc_column width=\u00bb1\/2&#8243;][vc_column_text]<\/p>\n<h2>Cont\u00e1ctanos y te asesoramos<\/h2>\n<p>[\/vc_column_text]<div role=\"form\" class=\"wpcf7\" id=\"wpcf7-f475-o1\" lang=\"en-US\" dir=\"ltr\">\n<div class=\"screen-reader-response\"><p role=\"status\" aria-live=\"polite\" aria-atomic=\"true\"><\/p> <ul><\/ul><\/div>\n<form action=\"\/blog\/wp-json\/wp\/v2\/pages\/729#wpcf7-f475-o1\" method=\"post\" class=\"wpcf7-form init\" novalidate=\"novalidate\" data-status=\"init\">\n<div style=\"display: none;\">\n<input type=\"hidden\" name=\"_wpcf7\" value=\"475\" \/>\n<input type=\"hidden\" name=\"_wpcf7_version\" value=\"5.3.2\" \/>\n<input type=\"hidden\" name=\"_wpcf7_locale\" value=\"en_US\" \/>\n<input type=\"hidden\" name=\"_wpcf7_unit_tag\" value=\"wpcf7-f475-o1\" \/>\n<input type=\"hidden\" name=\"_wpcf7_container_post\" value=\"0\" \/>\n<input type=\"hidden\" name=\"_wpcf7_posted_data_hash\" value=\"\" \/>\n<\/div>\n<p><label> Email<br \/>\n    <span class=\"wpcf7-form-control-wrap your-email\"><input type=\"email\" name=\"your-email\" value=\"\" size=\"40\" class=\"wpcf7-form-control wpcf7-text wpcf7-email wpcf7-validates-as-email\" aria-invalid=\"false\" \/><\/span> <\/label><\/p>\n<p><label> \u00bfPrefieres que te llamemos? Deja debajo tu n\u00famero de m\u00f3vil.<br \/>\n<span class=\"wpcf7-form-control-wrap text-513\"><input type=\"text\" name=\"text-513\" value=\"\" size=\"40\" class=\"wpcf7-form-control wpcf7-text\" aria-invalid=\"false\" \/><\/span> <\/label><\/p>\n<p><input type=\"submit\" value=\"Enviar\" class=\"wpcf7-form-control wpcf7-submit\" \/><\/p>\n<div class=\"wpcf7-response-output\" aria-hidden=\"true\"><\/div><\/form><\/div>[\/vc_column][\/vc_row][vc_row][vc_column width=\u00bb1\/2&#8243;][vc_single_image image=\u00bb807&#8243; img_size=\u00bblarge\u00bb][\/vc_column][vc_column width=\u00bb1\/2&#8243;][vc_empty_space][vc_column_text]Podemos asesorarte acerca de qu\u00e9 aire acondicionado es el m\u00e1s adecuado seg\u00fan el ambiente en el que se desea instalar, ahorrando tiempo y dinero a cada uno de nuestros clientes.<\/p>\n<p>Nuestro objetivo como empresa instaladora de <a href=\"https:\/\/comforclima.es\/12-aire-acondicionado\">aire acondicionado<\/a> en Plasencia es mantenernos en el sector dando m\u00e1ximas garant\u00edas y ofrecer buen precio junto con un alto grado de profesionalidad que hemos ido entregando a cada uno de nuestros clientes con el paso de los a\u00f1os en el sector.[\/vc_column_text][\/vc_column][\/vc_row][vc_row][vc_column width=\u00bb1\/2&#8243;][vc_column_text]<\/p>\n<h2>Instaladores profesionales de Aire Acondicionado en Plasencia<\/h2>\n<p>[\/vc_column_text][vc_column_text]En Comforclima contamos con el mejor equipo de instaladores profesionales de aire acondicionado de Plasencia. Nuestra dilatada trayectoria en el sector del aire acondicionado y la climatizaci\u00f3n, nos avala.<\/p>\n<p>Nuestro quipo de profesionales realizar\u00e1n una instalaci\u00f3n r\u00e1pida, limpia y un excelente acabado.[\/vc_column_text][vc_column_text]En Comforclima ofrecemos las mejores marcas de aire acondicionado en Plasencia, para asegurar la m\u00e1xima calidad en climatizaci\u00f3n, los 365 d\u00edas del a\u00f1o. Cada vivienda o ambiente requiere de un equipo especifico, el cual garantice satisfacer las necesidades de cada cliente.[\/vc_column_text][\/vc_column][vc_column width=\u00bb1\/2&#8243;][vc_empty_space][vc_single_image image=\u00bb332&#8243; img_size=\u00bblarge\u00bb alignment=\u00bbcenter\u00bb][\/vc_column][\/vc_row]<\/p>\n","protected":false},"excerpt":{"rendered":"<p>[vc_row][vc_column width=\u00bb1\/2&#8243;][vc_column_text] Aire Acondicionado en Plasencia [\/vc_column_text][vc_column_text]En Comforclima brindamos un servicio exclusivo de instalaci\u00f3n de aire acondicionado en Plasencia a un precio asequible. Comforclima es una compa\u00f1\u00eda con amplia experiencia en el sector de la climatizaci\u00f3n, por lo que trabajamos con gran variedad de modelos del mercado. Nuestro equipo de profesionales en el sector asegura [&hellip;]<\/p>\n","protected":false},"author":7,"featured_media":0,"parent":0,"menu_order":0,"comment_status":"closed","ping_status":"closed","template":"","meta":[],"yoast_head":"<!-- This site is optimized with the Yoast SEO plugin v15.8 - https:\/\/yoast.com\/wordpress\/plugins\/seo\/ -->\n<title>Aire acondicionado en Plasencia - Comforclima - Climatizaci\u00f3n<\/title>\n<meta name=\"description\" content=\"Aire Acondicionado en Plasencia. En Comforclima brindamos un servicio exclusivo de instalaci\u00f3n de aire acondicionado en Plasencia.\" \/>\n<meta name=\"robots\" content=\"index, follow, max-snippet:-1, max-image-preview:large, max-video-preview:-1\" \/>\n<link rel=\"canonical\" href=\"https:\/\/comforclima.es\/blog\/aire-acondicionado-plasencia\/\" \/>\n<meta property=\"og:locale\" content=\"es_ES\" \/>\n<meta property=\"og:type\" content=\"article\" \/>\n<meta property=\"og:title\" content=\"Aire acondicionado en Plasencia - Comforclima - Climatizaci\u00f3n\" \/>\n<meta property=\"og:description\" content=\"Aire Acondicionado en Plasencia. En Comforclima brindamos un servicio exclusivo de instalaci\u00f3n de aire acondicionado en Plasencia.\" \/>\n<meta property=\"og:url\" content=\"https:\/\/comforclima.es\/blog\/aire-acondicionado-plasencia\/\" \/>\n<meta property=\"og:site_name\" content=\"Comforclima\" \/>\n<meta property=\"article:modified_time\" content=\"2021-04-06T10:23:17+00:00\" \/>\n<meta name=\"twitter:card\" content=\"summary_large_image\" \/>\n<meta name=\"twitter:label1\" content=\"Tiempo de lectura\">\n\t<meta name=\"twitter:data1\" content=\"2 minutos\">\n<script type=\"application\/ld+json\" class=\"yoast-schema-graph\">{\"@context\":\"https:\/\/schema.org\",\"@graph\":[{\"@type\":\"WebSite\",\"@id\":\"https:\/\/comforclima.es\/blog\/#website\",\"url\":\"https:\/\/comforclima.es\/blog\/\",\"name\":\"Comforclima\",\"description\":\"Climatizaci\\u00f3n y Calefacci\\u00f3n en Plasencia. \",\"potentialAction\":[{\"@type\":\"SearchAction\",\"target\":\"https:\/\/comforclima.es\/blog\/?s={search_term_string}\",\"query-input\":\"required name=search_term_string\"}],\"inLanguage\":\"es\"},{\"@type\":\"WebPage\",\"@id\":\"https:\/\/comforclima.es\/blog\/aire-acondicionado-plasencia\/#webpage\",\"url\":\"https:\/\/comforclima.es\/blog\/aire-acondicionado-plasencia\/\",\"name\":\"Aire acondicionado en Plasencia - Comforclima - Climatizaci\\u00f3n\",\"isPartOf\":{\"@id\":\"https:\/\/comforclima.es\/blog\/#website\"},\"datePublished\":\"2021-03-29T08:13:32+00:00\",\"dateModified\":\"2021-04-06T10:23:17+00:00\",\"description\":\"Aire Acondicionado en Plasencia. En Comforclima brindamos un servicio exclusivo de instalaci\\u00f3n de aire acondicionado en Plasencia.\",\"breadcrumb\":{\"@id\":\"https:\/\/comforclima.es\/blog\/aire-acondicionado-plasencia\/#breadcrumb\"},\"inLanguage\":\"es\",\"potentialAction\":[{\"@type\":\"ReadAction\",\"target\":[\"https:\/\/comforclima.es\/blog\/aire-acondicionado-plasencia\/\"]}]},{\"@type\":\"BreadcrumbList\",\"@id\":\"https:\/\/comforclima.es\/blog\/aire-acondicionado-plasencia\/#breadcrumb\",\"itemListElement\":[{\"@type\":\"ListItem\",\"position\":1,\"item\":{\"@type\":\"WebPage\",\"@id\":\"https:\/\/comforclima.es\/blog\/\",\"url\":\"https:\/\/comforclima.es\/blog\/\",\"name\":\"Portada\"}},{\"@type\":\"ListItem\",\"position\":2,\"item\":{\"@type\":\"WebPage\",\"@id\":\"https:\/\/comforclima.es\/blog\/aire-acondicionado-plasencia\/\",\"url\":\"https:\/\/comforclima.es\/blog\/aire-acondicionado-plasencia\/\",\"name\":\"Aire acondicionado en Plasencia\"}}]}]}<\/script>\n<!-- \/ Yoast SEO plugin. -->","_links":{"self":[{"href":"https:\/\/comforclima.es\/blog\/wp-json\/wp\/v2\/pages\/729"}],"collection":[{"href":"https:\/\/comforclima.es\/blog\/wp-json\/wp\/v2\/pages"}],"about":[{"href":"https:\/\/comforclima.es\/blog\/wp-json\/wp\/v2\/types\/page"}],"author":[{"embeddable":true,"href":"https:\/\/comforclima.es\/blog\/wp-json\/wp\/v2\/users\/7"}],"replies":[{"embeddable":true,"href":"https:\/\/comforclima.es\/blog\/wp-json\/wp\/v2\/comments?post=729"}],"version-history":[{"count":37,"href":"https:\/\/comforclima.es\/blog\/wp-json\/wp\/v2\/pages\/729\/revisions"}],"predecessor-version":[{"id":842,"href":"https:\/\/comforclima.es\/blog\/wp-json\/wp\/v2\/pages\/729\/revisions\/842"}],"wp:attachment":[{"href":"https:\/\/comforclima.es\/blog\/wp-json\/wp\/v2\/media?parent=729"}],"curies":[{"name":"wp","href":"https:\/\/api.w.org\/{rel}","templated":true}]}}